{"id":45,"date":"2013-08-06T22:41:41","date_gmt":"2013-08-06T20:41:41","guid":{"rendered":"http:\/\/hopenmeteo.no\/?page_id=45"},"modified":"2024-02-09T09:30:19","modified_gmt":"2024-02-09T08:30:19","slug":"hyttene","status":"publish","type":"page","link":"https:\/\/hopenmeteo.no\/?page_id=45","title":{"rendered":"Hyttene"},"content":{"rendered":"\n<p>P\u00e5 Hopen finnes det en del hytter.<br \/>Noen er gamle og er regnet som kulturminner der man bare f\u00e5r \u00abse men ikke r\u00f8re\u00bb mens andre er satt opp i nyere tid og brukes i all hovedsak av stasjonsbesetningen.<br \/>Disse hyttene er selvf\u00f8lgelig \u00e5pne for alle som m\u00e5tte komme forbi.<br \/>Med unntak av en ligger alle gamle og nye hytter p\u00e5 \u00f8stsiden av \u00f8ya.<\/p>\n\n\n\n<p>Om vi tar for oss de gamle hyttene f\u00f8rst kan vi begynne i nord i Braastadskaret der vi finner fundamentet etter \u00abBeisarhytta\u00bb. Det ligger rett ved veggen og delvis under dagens \u00abBeisarhytte\u00bb. Denne hytta ble oppf\u00f8rt i 1923 av Hansen, S\u00f8rensen og Hoel.<\/p>\n\n\n\n<p>Neste hytte s\u00f8rover er \u00abRussehytta\u00bb som ligger i Hermansenskaret. Dette var en av tre hytter som ble oppf\u00f8rt i 1908 av Olofsson, Thuna, Fylkesnes, Nilsen, Nikolaisen og Rudi. Hytta er i dag ikke beboelig.<\/p>\n\n\n\n<p>Videre s\u00f8rover kommer vi til Husdalen der vi finner \u00abNilsebu\u00bb rett ved stasjonen. Dette er ei lita hytte som er b\u00e5de skakk og skjev men med litt godvilje fortsatt er mulig \u00e5 bruke til overnatting.<\/p>\n\n\n\n<p>Den sydligste av de gamle hyttene ligger p\u00e5 Koefoedodden og har f\u00e5tt navnet \u00abRudihytta\u00bb. Det er lett \u00e5 se at dette m\u00e5 ha v\u00e6rt en god hytte en gang i tiden selv om den i dag ikke lenger er brukbar som overnattingsplass.<\/p>\n\n\n<div class=\"wp-block-image\">\n<figure class=\"aligncenter\"><a href=\"https:\/\/hopenmeteo.no\/wp-content\/uploads\/2013\/08\/Rudihytta.jpg\"><img loading=\"lazy\" decoding=\"async\" width=\"300\" height=\"225\" src=\"https:\/\/hopenmeteo.no\/wp-content\/uploads\/2013\/08\/Rudihytta-300x225.jpg\" alt=\"Rudihytta p\u00e5 Koefoedodden\" class=\"wp-image-238\" srcset=\"https:\/\/hopenmeteo.no\/wp-content\/uploads\/2013\/08\/Rudihytta-300x225.jpg 300w, https:\/\/hopenmeteo.no\/wp-content\/uploads\/2013\/08\/Rudihytta-400x300.jpg 400w, https:\/\/hopenmeteo.no\/wp-content\/uploads\/2013\/08\/Rudihytta.jpg 800w\" sizes=\"auto, (max-width: 300px) 100vw, 300px\" \/><\/a><figcaption class=\"wp-element-caption\">Rudihytta p\u00e5 Koefoedodden<\/figcaption><\/figure>\n<\/div>\n\n\n<p>De nye hyttene ligger i all hovedsak p\u00e5 de samme plassene som de gamle og dekker s\u00e5 godt som hele \u00f8yas lengde med overnattingsmuligheter.<\/p>\n\n\n\n<p>Lengst i nord ligger dagens \u00abBeisarhytte\u00bb eller \u00abBeisarstua\u00bb som den opprinnelig het. Denne ble satt opp i 1973 p\u00e5 fundamentene av den gamle hytta som sto der og har etter dette stadig blitt renovert.<\/p>\n\n\n\n<p>Videre sydover kommer vi til Thorkelsenskaret og \u00abCasa Blanca\u00bb. Dette er en brakke som ble fl\u00f8yet ned til stedet fra stasjonen i 1986 etter at den var blitt overfl\u00f8dig der. Denne st\u00e5r i dag som en fin mellomstasjon for turg\u00e5ere og egner seg best til dagsbes\u00f8k. Casa Blanca har blitt \u00f8delagt av isbj\u00f8rn og er i dag ryddet vekk fra omr\u00e5det.<\/p>\n\n\n<div class=\"wp-block-image\">\n<figure class=\"aligncenter\"><a href=\"https:\/\/hopenmeteo.no\/wp-content\/uploads\/2013\/08\/Casa-Blanca.jpg\"><img loading=\"lazy\" decoding=\"async\" width=\"300\" height=\"225\" src=\"https:\/\/hopenmeteo.no\/wp-content\/uploads\/2013\/08\/Casa-Blanca-300x225.jpg\" alt=\"Casa Blanca\" class=\"wp-image-239\" srcset=\"https:\/\/hopenmeteo.no\/wp-content\/uploads\/2013\/08\/Casa-Blanca-300x225.jpg 300w, https:\/\/hopenmeteo.no\/wp-content\/uploads\/2013\/08\/Casa-Blanca-400x300.jpg 400w, https:\/\/hopenmeteo.no\/wp-content\/uploads\/2013\/08\/Casa-Blanca.jpg 800w\" sizes=\"auto, (max-width: 300px) 100vw, 300px\" \/><\/a><figcaption class=\"wp-element-caption\">Casa Blanca<\/figcaption><\/figure>\n<\/div>\n\n\n<p>Den neste hytta er \u00abBj\u00f8rnebo\u00bb som ligger et steinkast unna \u00abRussehytta\u00bb. Denne hytta ble satt opp i 1971 og er en av hyttene p\u00e5 \u00f8ya som oftest blir brukt til overnattingsturer. Den var i god stand og i hytta fantes det stort sett det man trengte for en hyggelig hyttetur. Dessverre brant den ned<\/p>\n\n\n<div class=\"wp-block-image\">\n<figure class=\"aligncenter\"><a href=\"https:\/\/hopenmeteo.no\/wp-content\/uploads\/2013\/08\/Bj\u00f8rnebo.jpg\"><img loading=\"lazy\" decoding=\"async\" width=\"300\" height=\"225\" src=\"https:\/\/hopenmeteo.no\/wp-content\/uploads\/2013\/08\/Bj\u00f8rnebo-300x225.jpg\" alt=\"Bj\u00f8rnebo med Russehytta i bakgrunnen\" class=\"wp-image-240\" srcset=\"https:\/\/hopenmeteo.no\/wp-content\/uploads\/2013\/08\/Bj\u00f8rnebo-300x225.jpg 300w, https:\/\/hopenmeteo.no\/wp-content\/uploads\/2013\/08\/Bj\u00f8rnebo-400x300.jpg 400w, https:\/\/hopenmeteo.no\/wp-content\/uploads\/2013\/08\/Bj\u00f8rnebo.jpg 800w\" sizes=\"auto, (max-width: 300px) 100vw, 300px\" \/><\/a><figcaption class=\"wp-element-caption\">Bj\u00f8rnebo med Russehytta i bakgrunnen<\/figcaption><\/figure>\n<\/div>\n\n\n<p>P\u00e5 h\u00f8yde med stasjonen ligger \u00abJohshytta\u00bb. Bygget i 1956 av stuerten Johannes Nyg\u00e5rd og er \u00f8yas eneste hytte p\u00e5 vestsiden. Den er blitt restaurert de senere \u00e5r og fungerer godt til b\u00e5de dagsbes\u00f8k og overnatting. Den er god \u00e5 ha dersom man m\u00e5 ta i mot b\u00e5t p\u00e5 denne siden av \u00f8ya om v\u00e6ret og sj\u00f8en ikke gj\u00f8r det mulig med ilandstiging ved stasjonen.<\/p>\n\n\n<div class=\"wp-block-image\">\n<figure class=\"aligncenter\"><a href=\"https:\/\/hopenmeteo.no\/wp-content\/uploads\/2013\/08\/Johshytta.jpg\"><img loading=\"lazy\" decoding=\"async\" width=\"300\" height=\"225\" src=\"https:\/\/hopenmeteo.no\/wp-content\/uploads\/2013\/08\/Johshytta-300x225.jpg\" alt=\"Johshytta. Den eneste hytta p\u00e5 vestsiden av \u00f8ya.\" class=\"wp-image-241\" srcset=\"https:\/\/hopenmeteo.no\/wp-content\/uploads\/2013\/08\/Johshytta-300x225.jpg 300w, https:\/\/hopenmeteo.no\/wp-content\/uploads\/2013\/08\/Johshytta-400x300.jpg 400w, https:\/\/hopenmeteo.no\/wp-content\/uploads\/2013\/08\/Johshytta.jpg 800w\" sizes=\"auto, (max-width: 300px) 100vw, 300px\" \/><\/a><figcaption class=\"wp-element-caption\">Johshytta. Den eneste hytta p\u00e5 vestsiden av \u00f8ya.<\/figcaption><\/figure>\n<\/div>\n\n\n<p>P\u00e5 Egsetstranda ble det i 1963 oppf\u00f8rt ei lita bu, \u201dCamp Skakk\u201d, for lagring av skinn.<br \/>Dette er ikke ei hytte men vises allikevel godt i terrenget og kan vel gi ly for v\u00e6r og vind om man trenger det.<\/p>\n\n\n\n<p>Helt i syd ligger \u00abS\u00f8rhytta\u00bb. Denne hytta ble bygget i samarbeid med NP i 1997 og fungerte ogs\u00e5 som sj\u00f8merke da den er utstyrt med blink p\u00e5 taket. Denne blinken er tatt ned og ny fyrlykt bygget litt lengre inn p\u00e5 Kofoedodden.<br \/>Hytta er i god stand og har en god standard. Man kan se hytta fra stasjonen og det er om lag 7 km lett gange fra stasjonen langs stranda ned til hytta.<br \/><script> end813_() <\/script><\/p>\n","protected":false},"excerpt":{"rendered":"<p>P\u00e5 Hopen finnes det en del hytter.Noen er gamle og er regnet som kulturminner der man bare f\u00e5r \u00abse men ikke r\u00f8re\u00bb mens andre er satt opp i nyere tid og brukes i all hovedsak av stasjonsbesetningen.Disse hyttene er selvf\u00f8lgelig \u00e5pne for alle som m\u00e5tte komme forbi.Med unntak av en ligger alle gamle og nye hytter p\u00e5 \u00f8stsiden av \u00f8ya. Om vi tar for oss de gamle hyttene f\u00f8rst kan vi begynne i nord i Braastadskaret der vi finner fundamentet etter \u00abBeisarhytta\u00bb. Det ligger rett ved veggen og delvis under dagens \u00abBeisarhytte\u00bb. Denne hytta ble oppf\u00f8rt i 1923 av Hansen, S\u00f8rensen og Hoel. Neste hytte s\u00f8rover er \u00abRussehytta\u00bb som ligger &hellip; <a href=\"https:\/\/hopenmeteo.no\/?page_id=45\">Les videre <span class=\"meta-nav\">&rarr;<\/span><\/a><\/p>\n","protected":false},"author":1,"featured_media":0,"parent":0,"menu_order":0,"comment_status":"open","ping_status":"closed","template":"","meta":{"footnotes":""},"class_list":["post-45","page","type-page","status-publish","hentry"],"_links":{"self":[{"href":"https:\/\/hopenmeteo.no\/index.php?rest_route=\/wp\/v2\/pages\/45","targetHints":{"allow":["GET"]}}],"collection":[{"href":"https:\/\/hopenmeteo.no\/index.php?rest_route=\/wp\/v2\/pages"}],"about":[{"href":"https:\/\/hopenmeteo.no\/index.php?rest_route=\/wp\/v2\/types\/page"}],"author":[{"embeddable":true,"href":"https:\/\/hopenmeteo.no\/index.php?rest_route=\/wp\/v2\/users\/1"}],"replies":[{"embeddable":true,"href":"https:\/\/hopenmeteo.no\/index.php?rest_route=%2Fwp%2Fv2%2Fcomments&post=45"}],"version-history":[{"count":6,"href":"https:\/\/hopenmeteo.no\/index.php?rest_route=\/wp\/v2\/pages\/45\/revisions"}],"predecessor-version":[{"id":8048,"href":"https:\/\/hopenmeteo.no\/index.php?rest_route=\/wp\/v2\/pages\/45\/revisions\/8048"}],"wp:attachment":[{"href":"https:\/\/hopenmeteo.no\/index.php?rest_route=%2Fwp%2Fv2%2Fmedia&parent=45"}],"curies":[{"name":"wp","href":"https:\/\/api.w.org\/{rel}","templated":true}]}}