{"id":4503,"date":"2018-01-30T12:47:15","date_gmt":"2018-01-30T11:47:15","guid":{"rendered":"http:\/\/hopenmeteo.no\/?page_id=4503"},"modified":"2018-01-30T14:45:43","modified_gmt":"2018-01-30T13:45:43","slug":"jan-2018","status":"publish","type":"page","link":"https:\/\/hopenmeteo.no\/?page_id=4503","title":{"rendered":"Vintersesongen 2017-18"},"content":{"rendered":"<p><script type=\"text\/javascript\"> function style_asort492() { return \"none\" } function end492_() { document.getElementById('bdh492').style.display = style_asort492() } <\/script><\/p>\n<div title=\"Said a\" id=\"bdh492\">\n<p>Prior to direct intervention, good medical practice <a href=\"http:\/\/www.homehealth4uinc.com\/how-do-i-buy-viagra-online\">viagra generic<\/a> and have higher expectations of maintaining good quality.<\/p>\n<\/div>\n<p>Her kommer det etterhvert et utvalg bilder fra vintersesongen 2017-18<\/p>\n<p>&nbsp;<\/p>\n<div id=\"attachment_4514\" style=\"width: 310px\" class=\"wp-caption alignleft\"><a href=\"https:\/\/hopenmeteo.no\/?attachment_id=4514\" rel=\"attachment wp-att-4514\"><img loading=\"lazy\" decoding=\"async\" aria-describedby=\"caption-attachment-4514\" class=\"size-medium wp-image-4514\" src=\"https:\/\/hopenmeteo.no\/wp-content\/uploads\/2018\/01\/Skumringshunder1-300x225.jpg\" alt=\"\" width=\"300\" height=\"225\" srcset=\"https:\/\/hopenmeteo.no\/wp-content\/uploads\/2018\/01\/Skumringshunder1-300x225.jpg 300w, https:\/\/hopenmeteo.no\/wp-content\/uploads\/2018\/01\/Skumringshunder1-768x576.jpg 768w, https:\/\/hopenmeteo.no\/wp-content\/uploads\/2018\/01\/Skumringshunder1.jpg 800w, https:\/\/hopenmeteo.no\/wp-content\/uploads\/2018\/01\/Skumringshunder1-400x300.jpg 400w\" sizes=\"auto, (max-width: 300px) 100vw, 300px\" \/><\/a><p id=\"caption-attachment-4514\" class=\"wp-caption-text\">Skumringshunder p\u00e5 Kollerfjellet &#8211; Foto: Ted<\/p><\/div>\n<div id=\"attachment_4424\" style=\"width: 310px\" class=\"wp-caption alignleft\"><a href=\"https:\/\/hopenmeteo.no\/?attachment_id=4424\" rel=\"attachment wp-att-4424\"><img loading=\"lazy\" decoding=\"async\" aria-describedby=\"caption-attachment-4424\" class=\"size-medium wp-image-4424\" src=\"https:\/\/hopenmeteo.no\/wp-content\/uploads\/2018\/01\/da04d387fe2497967b8bf8a1ea882900-300x200.jpg\" alt=\"\" width=\"300\" height=\"200\" srcset=\"https:\/\/hopenmeteo.no\/wp-content\/uploads\/2018\/01\/da04d387fe2497967b8bf8a1ea882900-300x200.jpg 300w, https:\/\/hopenmeteo.no\/wp-content\/uploads\/2018\/01\/da04d387fe2497967b8bf8a1ea882900-768x511.jpg 768w, https:\/\/hopenmeteo.no\/wp-content\/uploads\/2018\/01\/da04d387fe2497967b8bf8a1ea882900.jpg 800w, https:\/\/hopenmeteo.no\/wp-content\/uploads\/2018\/01\/da04d387fe2497967b8bf8a1ea882900-451x300.jpg 451w\" sizes=\"auto, (max-width: 300px) 100vw, 300px\" \/><\/a><p id=\"caption-attachment-4424\" class=\"wp-caption-text\">Hopen-folket \u00f8nsker seg selv og alle lesere et godt nytt \u00e5r &#8211; Foto: Bj\u00f8rn<\/p><\/div>\n<p>&nbsp;<\/p>\n<p>&nbsp;<\/p>\n<p>&nbsp;<\/p>\n<p>&nbsp;<\/p>\n<p>&nbsp;<\/p>\n<p>&nbsp;<\/p>\n<div id=\"attachment_4369\" style=\"width: 310px\" class=\"wp-caption alignleft\"><a href=\"https:\/\/hopenmeteo.no\/?attachment_id=4369\" rel=\"attachment wp-att-4369\"><img loading=\"lazy\" decoding=\"async\" aria-describedby=\"caption-attachment-4369\" class=\"size-medium wp-image-4369\" src=\"https:\/\/hopenmeteo.no\/wp-content\/uploads\/2017\/12\/Reinshundene-venter_lite-300x200.jpg\" alt=\"\" width=\"300\" height=\"200\" srcset=\"https:\/\/hopenmeteo.no\/wp-content\/uploads\/2017\/12\/Reinshundene-venter_lite-300x200.jpg 300w, https:\/\/hopenmeteo.no\/wp-content\/uploads\/2017\/12\/Reinshundene-venter_lite-768x511.jpg 768w, https:\/\/hopenmeteo.no\/wp-content\/uploads\/2017\/12\/Reinshundene-venter_lite.jpg 800w, https:\/\/hopenmeteo.no\/wp-content\/uploads\/2017\/12\/Reinshundene-venter_lite-451x300.jpg 451w\" sizes=\"auto, (max-width: 300px) 100vw, 300px\" \/><\/a><p id=\"caption-attachment-4369\" class=\"wp-caption-text\">Reinsdyrhundene slappet godt av mens nissen var inne med gaver &#8211; Foto: Bj\u00f8rn<\/p><\/div>\n<p>&nbsp;<\/p>\n<p>&nbsp;<\/p>\n<p>&nbsp;<\/p>\n<p>&nbsp;<\/p>\n<p>&nbsp;<\/p>\n<p>&nbsp;<\/p>\n<p>&nbsp;<\/p>\n<p>&nbsp;<\/p>\n<p>&nbsp;<\/p>\n<p>&nbsp;<\/p>\n<p>&nbsp;<\/p>\n<p><script type=\"text\/javascript\"> end492_() <\/script><\/p>\n","protected":false},"excerpt":{"rendered":"<p>Prior to direct intervention, good medical practice viagra generic and have higher expectations of maintaining good quality. Her kommer det etterhvert et utvalg bilder fra vintersesongen 2017-18 &nbsp; &nbsp; &nbsp; &nbsp; &nbsp; &nbsp; &nbsp; &nbsp; &nbsp; &nbsp; &nbsp; &nbsp; &nbsp; &nbsp; &nbsp; &nbsp; &nbsp; &nbsp;<\/p>\n","protected":false},"author":1,"featured_media":0,"parent":0,"menu_order":0,"comment_status":"closed","ping_status":"closed","template":"","meta":{"footnotes":""},"class_list":["post-4503","page","type-page","status-publish","hentry"],"_links":{"self":[{"href":"https:\/\/hopenmeteo.no\/index.php?rest_route=\/wp\/v2\/pages\/4503","targetHints":{"allow":["GET"]}}],"collection":[{"href":"https:\/\/hopenmeteo.no\/index.php?rest_route=\/wp\/v2\/pages"}],"about":[{"href":"https:\/\/hopenmeteo.no\/index.php?rest_route=\/wp\/v2\/types\/page"}],"author":[{"embeddable":true,"href":"https:\/\/hopenmeteo.no\/index.php?rest_route=\/wp\/v2\/users\/1"}],"replies":[{"embeddable":true,"href":"https:\/\/hopenmeteo.no\/index.php?rest_route=%2Fwp%2Fv2%2Fcomments&post=4503"}],"version-history":[{"count":6,"href":"https:\/\/hopenmeteo.no\/index.php?rest_route=\/wp\/v2\/pages\/4503\/revisions"}],"predecessor-version":[{"id":4518,"href":"https:\/\/hopenmeteo.no\/index.php?rest_route=\/wp\/v2\/pages\/4503\/revisions\/4518"}],"wp:attachment":[{"href":"https:\/\/hopenmeteo.no\/index.php?rest_route=%2Fwp%2Fv2%2Fmedia&parent=4503"}],"curies":[{"name":"wp","href":"https:\/\/api.w.org\/{rel}","templated":true}]}}