{"id":50,"date":"2013-08-06T22:43:56","date_gmt":"2013-08-06T20:43:56","guid":{"rendered":"http:\/\/hopenmeteo.no\/?page_id=50"},"modified":"2023-12-21T12:53:27","modified_gmt":"2023-12-21T11:53:27","slug":"besetning","status":"publish","type":"page","link":"https:\/\/hopenmeteo.no\/?page_id=50","title":{"rendered":"Besetning"},"content":{"rendered":"\n<p>Det ansettes ny besetning hver 6. m\u00e5ned. Besetningen best\u00e5r av 4 personer med sine dedikerte arbeidsoppgaver. Stillingene lyses ut via vanlige jobbsider p\u00e5 nettet, samt p\u00e5 hjemmesiden til Meteorologisk institutt, <a href=\"https:\/\/www.met.no\/om-oss\/ledige-stillinger\">https:\/\/www.met.no\/om-oss\/ledige-stillinger<\/a><\/p>\n\n\n\n<p>Tekstutdrag hentet fra utlysning av stillingen desember 2023: &laquo;Stedlig leder, meteorologifullmektig og fagarbeider deltar i en felles turnus som omfatter observasjonstjeneste, pass av meteorologiske instrumenter og en del radiotjeneste. Besetningsmedlemmene p\u00e5 Hopen m\u00e5 ta del i kj\u00f8kkenarbeid, likes\u00e5 s\u00f8rge for drift og ettersyn av stasjonens str\u00f8maggregater.&raquo;<br \/><\/p>\n\n\n\n<p>&laquo;<strong>For stillingene p\u00e5 Bj\u00f8rn\u00f8ya og Hopen kreves i tillegg:<\/strong><\/p>\n\n\n\n<ul class=\"wp-block-list\">\n<li>Tillatelse til leie av rifle for isbj\u00f8rnbeskyttelse.<\/li>\n<\/ul>\n\n\n\n<p><strong>For alle stillingene kreves:<\/strong><\/p>\n\n\n\n<ul class=\"wp-block-list\">\n<li>Tilfredsstillende lege- og tannlegeerkl\u00e6ring.<\/li>\n\n\n\n<li>Behersker norsk meget godt, b\u00e5de skriftlig og muntlig.<\/li>\n<\/ul>\n\n\n\n<p>Til stillingene vil det bli lagt vekt p\u00e5 s\u00f8kernes personlige egenskaper.<\/p>\n\n\n\n<p>Det vil i vurderingen av s\u00f8kerne bli lagt vekt p\u00e5 relevante kurs som f\u00f8rstehjelps- og sikkerhetskurs.<\/p>\n\n\n\n<p>Referanser bes oppgitt med kontaktinformasjon.<\/p>\n\n\n\n<p>For nytilsatte vil det bli gitt n\u00f8dvendig oppl\u00e6ring.<\/p>\n\n\n\n<p><strong>Stedlig leder Bj\u00f8rn\u00f8ya og Hopen<\/strong><\/p>\n\n\n\n<ul class=\"wp-block-list\">\n<li>Videreg\u00e5ende skole, studieretning for allmenne fag, \u00f8konomisk-\/administrative fag, eller yrkesfaglig studieretning innenfor relevant fagomr\u00e5de.<\/li>\n\n\n\n<li>Gyldig GOC-sertifikat (General Operator Certificate) er \u00f8nskelig.<\/li>\n\n\n\n<li>Tidligere erfaring fra tjeneste ved en av stasjonene.<\/li>\n<\/ul>\n\n\n\n<p><strong>Radiosondeledere\/meteorologifullmektiger Bj\u00f8rn\u00f8ya og Hopen<\/strong><\/p>\n\n\n\n<ul class=\"wp-block-list\">\n<li>Videreg\u00e5ende skole, studieretning for allmenne fag, \u00f8konomisk-\/administrative fag eller yrkesfaglig studieretning innen relevant fagomr\u00e5de.<\/li>\n<\/ul>\n\n\n\n<p><strong>Fagarbeider til Hopen<\/strong><\/p>\n\n\n\n<ul class=\"wp-block-list\">\n<li>Maskinistsertifikat eller fagbrev innen mekaniske fag. Relevant yrkeserfaring kan kompensere for manglende fagbrev\/sertifikat.<\/li>\n\n\n\n<li>Den som tilsettes b\u00f8r ha godt kjennskap til elektriske installasjoner, maritimt utstyr, kj\u00f8le-\/fryse-\/fyrings- og vannanlegg.<\/li>\n<\/ul>\n\n\n\n<p>Dersom det ikke er s\u00f8kere som fyller kravene til stillingen, vil det i stedet bli tilsett en meteorologifullmektig.<\/p>\n\n\n\n<p><strong>For de ovennevnte stillingene er det skifttjeneste etter fastsatt vaktplan.<\/strong><\/p>\n\n\n\n<p><strong>Kj\u00f8kkensjef, assisterende kj\u00f8kkensjef til Bj\u00f8rn\u00f8ya og kj\u00f8kkensjef til Hopen<\/strong><\/p>\n\n\n\n<ul class=\"wp-block-list\">\n<li>Eksamen fra kokk- og\/eller stuertskole med fagbrev og praksis i proviantforvaltning.<\/li>\n<\/ul>\n\n\n\n<p>Dersom det ikke er s\u00f8kere som oppfyller kravene til denne stillingen, vil det i stedet bli tilsatt en 1.kokk.<\/p>\n\n\n\n<p><strong>F\u00f8rstekokk til Bj\u00f8rn\u00f8ya og f\u00f8rstekokk Hopen<\/strong><\/p>\n\n\n\n<ul class=\"wp-block-list\">\n<li>Eksamen fra kokk- og\/eller stuertskole og praksis i proviantforvaltning.&raquo;<\/li>\n<\/ul>\n","protected":false},"excerpt":{"rendered":"<p>Det ansettes ny besetning hver 6. m\u00e5ned. Besetningen best\u00e5r av 4 personer med sine dedikerte arbeidsoppgaver. Stillingene lyses ut via vanlige jobbsider p\u00e5 nettet, samt p\u00e5 hjemmesiden til Meteorologisk institutt, https:\/\/www.met.no\/om-oss\/ledige-stillinger Tekstutdrag hentet fra utlysning av stillingen desember 2023: &laquo;Stedlig leder, meteorologifullmektig og fagarbeider deltar i en felles turnus som omfatter observasjonstjeneste, pass av meteorologiske instrumenter og en del radiotjeneste. Besetningsmedlemmene p\u00e5 Hopen m\u00e5 ta del i kj\u00f8kkenarbeid, likes\u00e5 s\u00f8rge for drift og ettersyn av stasjonens str\u00f8maggregater.&raquo; &laquo;For stillingene p\u00e5 Bj\u00f8rn\u00f8ya og Hopen kreves i tillegg: For alle stillingene kreves: Til stillingene vil det bli lagt vekt p\u00e5 s\u00f8kernes personlige egenskaper. Det vil i vurderingen av s\u00f8kerne bli lagt vekt &hellip; <a href=\"https:\/\/hopenmeteo.no\/?page_id=50\">Les videre <span class=\"meta-nav\">&rarr;<\/span><\/a><\/p>\n","protected":false},"author":1,"featured_media":0,"parent":0,"menu_order":0,"comment_status":"open","ping_status":"open","template":"","meta":{"footnotes":""},"class_list":["post-50","page","type-page","status-publish","hentry"],"_links":{"self":[{"href":"https:\/\/hopenmeteo.no\/index.php?rest_route=\/wp\/v2\/pages\/50","targetHints":{"allow":["GET"]}}],"collection":[{"href":"https:\/\/hopenmeteo.no\/index.php?rest_route=\/wp\/v2\/pages"}],"about":[{"href":"https:\/\/hopenmeteo.no\/index.php?rest_route=\/wp\/v2\/types\/page"}],"author":[{"embeddable":true,"href":"https:\/\/hopenmeteo.no\/index.php?rest_route=\/wp\/v2\/users\/1"}],"replies":[{"embeddable":true,"href":"https:\/\/hopenmeteo.no\/index.php?rest_route=%2Fwp%2Fv2%2Fcomments&post=50"}],"version-history":[{"count":9,"href":"https:\/\/hopenmeteo.no\/index.php?rest_route=\/wp\/v2\/pages\/50\/revisions"}],"predecessor-version":[{"id":7852,"href":"https:\/\/hopenmeteo.no\/index.php?rest_route=\/wp\/v2\/pages\/50\/revisions\/7852"}],"wp:attachment":[{"href":"https:\/\/hopenmeteo.no\/index.php?rest_route=%2Fwp%2Fv2%2Fmedia&parent=50"}],"curies":[{"name":"wp","href":"https:\/\/api.w.org\/{rel}","templated":true}]}}