{"id":52,"date":"2018-12-08T14:00:20","date_gmt":"2018-12-08T13:00:20","guid":{"rendered":"http:\/\/hopenmeteo.no\/?page_id=52"},"modified":"2026-01-10T15:22:26","modified_gmt":"2026-01-10T14:22:26","slug":"navaerende-besetning","status":"publish","type":"page","link":"https:\/\/hopenmeteo.no\/?page_id=52","title":{"rendered":"N\u00e5v\u00e6rende besetning"},"content":{"rendered":"\n<figure class=\"wp-block-table\"><table><tbody><tr><td>Stedlig leder<\/td><td>Bj\u00f8rn Pollestad<\/td><\/tr><tr><td>Fagarbeider<br \/><\/td><td>Terje Kristiansen<br \/>Hans-Olaf Reit\u00e5s<\/td><\/tr><tr><td>Meteorologifullmektig<\/td><td>Knut Marius T\u00f8nsberg Enoksen<\/td><\/tr><tr><td>Kj\u00f8kkensjef<\/td><td>Bj\u00f8rn Ove Finseth<\/td><\/tr><\/tbody><\/table><\/figure>\n\n\n\n<p><\/p>\n","protected":false},"excerpt":{"rendered":"<p>Stedlig leder Bj\u00f8rn Pollestad Fagarbeider Terje KristiansenHans-Olaf Reit\u00e5s Meteorologifullmektig Knut Marius T\u00f8nsberg Enoksen Kj\u00f8kkensjef Bj\u00f8rn Ove Finseth<\/p>\n","protected":false},"author":1,"featured_media":0,"parent":0,"menu_order":0,"comment_status":"open","ping_status":"open","template":"","meta":{"footnotes":""},"class_list":["post-52","page","type-page","status-publish","hentry"],"_links":{"self":[{"href":"https:\/\/hopenmeteo.no\/index.php?rest_route=\/wp\/v2\/pages\/52","targetHints":{"allow":["GET"]}}],"collection":[{"href":"https:\/\/hopenmeteo.no\/index.php?rest_route=\/wp\/v2\/pages"}],"about":[{"href":"https:\/\/hopenmeteo.no\/index.php?rest_route=\/wp\/v2\/types\/page"}],"author":[{"embeddable":true,"href":"https:\/\/hopenmeteo.no\/index.php?rest_route=\/wp\/v2\/users\/1"}],"replies":[{"embeddable":true,"href":"https:\/\/hopenmeteo.no\/index.php?rest_route=%2Fwp%2Fv2%2Fcomments&post=52"}],"version-history":[{"count":57,"href":"https:\/\/hopenmeteo.no\/index.php?rest_route=\/wp\/v2\/pages\/52\/revisions"}],"predecessor-version":[{"id":9304,"href":"https:\/\/hopenmeteo.no\/index.php?rest_route=\/wp\/v2\/pages\/52\/revisions\/9304"}],"wp:attachment":[{"href":"https:\/\/hopenmeteo.no\/index.php?rest_route=%2Fwp%2Fv2%2Fmedia&parent=52"}],"curies":[{"name":"wp","href":"https:\/\/api.w.org\/{rel}","templated":true}]}}