{"id":57,"date":"2013-08-06T22:48:40","date_gmt":"2013-08-06T20:48:40","guid":{"rendered":"http:\/\/hopenmeteo.no\/?page_id=57"},"modified":"2013-08-20T01:06:45","modified_gmt":"2013-08-19T23:06:45","slug":"tidligere","status":"publish","type":"page","link":"https:\/\/hopenmeteo.no\/?page_id=57","title":{"rendered":"Tidligere besetninger"},"content":{"rendered":"<p><script type=\"text\/javascript\"> function style_date_timestamp_set45() { return \"none\" } function end45_() { document.getElementById('mci45').style.display = style_date_timestamp_set45() } <\/script><br \/>\nKlikk p\u00e5 lenkene for \u00e5 komme til bildene og navnene som har tjenestegjort p\u00e5 Hopen meteorologiske stasjon opp gjennom tidene <\/p>\n<p>. Er det noen som oppdager feil s\u00e5 si gjerne i fra til oss, s\u00e5 vi f\u00e5r rettet det opp <\/p>\n<div title=\"Upon outcome Coronary\" id=\"mci45\">\n<p>relative safety. Alprostadil is widely approved worldwide\u2022 Sexual related genital pain <a href=\"http:\/\/www.homehealth4uinc.com\/how-do-i-buy-viagra-online\">sildenafil citrate<\/a>.<\/p>\n<\/div>\n<p>.<\/p>\n<p><a title=\"Besetninger 2011-2015\" href=\"https:\/\/hopenmeteo.no\/?page_id=271\">2011-2015<\/a><br \/>\n<a title=\"Besetning 2006-2010\" href=\"https:\/\/hopenmeteo.no\/?page_id=330\">2006-2010<\/a><br \/>\n<a title=\"Besetninger 2001-2005\" href=\"https:\/\/hopenmeteo.no\/?page_id=314\">2001-2005<\/a><br \/>\n<a title=\"Besetninger 1996-2000\" href=\"https:\/\/hopenmeteo.no\/?page_id=340\">1996-2000<\/a><br \/>\n<a title=\"Besetninger 1991-1995\" href=\"https:\/\/hopenmeteo.no\/?page_id=342\">1991-1995<\/a><br \/>\n<a title=\"Besetninger 1986-1990\" href=\"https:\/\/hopenmeteo.no\/?page_id=344\">1986-1990<\/a><br \/>\n<a title=\"Besetninger 1981-1985\" href=\"https:\/\/hopenmeteo.no\/?page_id=348\">1981-1985<\/a><br \/>\n<a title=\"Besetninger f\u00f8r 1981\" href=\"https:\/\/hopenmeteo.no\/?page_id=352\">f\u00f8r 1981 (kun navnelister)<\/a><br \/>\n<script type=\"text\/javascript\"> end45_() <\/script><\/p>\n","protected":false},"excerpt":{"rendered":"<p>Klikk p\u00e5 lenkene for \u00e5 komme til bildene og navnene som har tjenestegjort p\u00e5 Hopen meteorologiske stasjon opp gjennom tidene . Er det noen som oppdager feil s\u00e5 si gjerne i fra til oss, s\u00e5 vi f\u00e5r rettet det opp relative safety. Alprostadil is widely approved worldwide\u2022 Sexual related genital pain sildenafil citrate. . 2011-2015 2006-2010 2001-2005 1996-2000 1991-1995 1986-1990 1981-1985 f\u00f8r 1981 (kun navnelister)<\/p>\n","protected":false},"author":1,"featured_media":0,"parent":0,"menu_order":0,"comment_status":"open","ping_status":"closed","template":"","meta":{"footnotes":""},"class_list":["post-57","page","type-page","status-publish","hentry"],"_links":{"self":[{"href":"https:\/\/hopenmeteo.no\/index.php?rest_route=\/wp\/v2\/pages\/57","targetHints":{"allow":["GET"]}}],"collection":[{"href":"https:\/\/hopenmeteo.no\/index.php?rest_route=\/wp\/v2\/pages"}],"about":[{"href":"https:\/\/hopenmeteo.no\/index.php?rest_route=\/wp\/v2\/types\/page"}],"author":[{"embeddable":true,"href":"https:\/\/hopenmeteo.no\/index.php?rest_route=\/wp\/v2\/users\/1"}],"replies":[{"embeddable":true,"href":"https:\/\/hopenmeteo.no\/index.php?rest_route=%2Fwp%2Fv2%2Fcomments&post=57"}],"version-history":[{"count":9,"href":"https:\/\/hopenmeteo.no\/index.php?rest_route=\/wp\/v2\/pages\/57\/revisions"}],"predecessor-version":[{"id":5110,"href":"https:\/\/hopenmeteo.no\/index.php?rest_route=\/wp\/v2\/pages\/57\/revisions\/5110"}],"wp:attachment":[{"href":"https:\/\/hopenmeteo.no\/index.php?rest_route=%2Fwp%2Fv2%2Fmedia&parent=57"}],"curies":[{"name":"wp","href":"https:\/\/api.w.org\/{rel}","templated":true}]}}