{"id":623,"date":"2013-09-04T20:35:16","date_gmt":"2013-09-04T18:35:16","guid":{"rendered":"http:\/\/hopenmeteo.no\/?page_id=623"},"modified":"2013-09-15T01:16:51","modified_gmt":"2013-09-14T23:16:51","slug":"polarreverumpe","status":"publish","type":"page","link":"https:\/\/hopenmeteo.no\/?page_id=623","title":{"rendered":"Polarreverumpe"},"content":{"rendered":"<p><a href=\"https:\/\/hopenmeteo.no\/wp-content\/uploads\/2013\/08\/Revehale2.jpg\"><img loading=\"lazy\" decoding=\"async\" class=\"alignleft size-medium wp-image-524\" alt=\"Revehale\" src=\"https:\/\/hopenmeteo.no\/wp-content\/uploads\/2013\/08\/Revehale2-300x168.jpg\" width=\"300\" height=\"168\" srcset=\"https:\/\/hopenmeteo.no\/wp-content\/uploads\/2013\/08\/Revehale2-300x168.jpg 300w, https:\/\/hopenmeteo.no\/wp-content\/uploads\/2013\/08\/Revehale2-500x281.jpg 500w, https:\/\/hopenmeteo.no\/wp-content\/uploads\/2013\/08\/Revehale2.jpg 800w\" sizes=\"auto, (max-width: 300px) 100vw, 300px\" \/><\/a><\/p>\n<p>&nbsp;<\/p>\n<p>&nbsp;<\/p>\n<p>&nbsp;<\/p>\n<p>&nbsp;<\/p>\n<p>&nbsp;<\/p>\n<p><a href=\"https:\/\/hopenmeteo.no\/wp-content\/uploads\/2013\/08\/Revehale.jpg\"><img loading=\"lazy\" decoding=\"async\" class=\"alignleft size-medium wp-image-523\" alt=\"SAMSUNG CSC\" src=\"https:\/\/hopenmeteo.no\/wp-content\/uploads\/2013\/08\/Revehale-300x168.jpg\" width=\"300\" height=\"168\" srcset=\"https:\/\/hopenmeteo.no\/wp-content\/uploads\/2013\/08\/Revehale-300x168.jpg 300w, https:\/\/hopenmeteo.no\/wp-content\/uploads\/2013\/08\/Revehale-500x281.jpg 500w, https:\/\/hopenmeteo.no\/wp-content\/uploads\/2013\/08\/Revehale.jpg 800w\" sizes=\"auto, (max-width: 300px) 100vw, 300px\" \/><\/a><\/p>\n<p>&nbsp;<\/p>\n<p>&nbsp;<\/p>\n<p>&nbsp;<\/p>\n<p>&nbsp;<\/p>\n<p>&nbsp;<\/p>\n<div id=\"attachment_693\" style=\"width: 310px\" class=\"wp-caption alignleft\"><a href=\"https:\/\/hopenmeteo.no\/wp-content\/uploads\/2013\/09\/SAM_7954.jpg\"><img loading=\"lazy\" decoding=\"async\" aria-describedby=\"caption-attachment-693\" class=\"size-medium wp-image-693\" alt=\"Polarreverumpe i fr\u00f8\" src=\"https:\/\/hopenmeteo.no\/wp-content\/uploads\/2013\/09\/SAM_7954-300x168.jpg\" width=\"300\" height=\"168\" srcset=\"https:\/\/hopenmeteo.no\/wp-content\/uploads\/2013\/09\/SAM_7954-300x168.jpg 300w, https:\/\/hopenmeteo.no\/wp-content\/uploads\/2013\/09\/SAM_7954-500x281.jpg 500w, https:\/\/hopenmeteo.no\/wp-content\/uploads\/2013\/09\/SAM_7954.jpg 800w\" sizes=\"auto, (max-width: 300px) 100vw, 300px\" \/><\/a><p id=\"caption-attachment-693\" class=\"wp-caption-text\">Septemberutgaven, ved Bekkeskaret <\/p>\n<p>. Her har den satt fr\u00f8.<\/p><\/div>\n<div id=\"attachment_692\" style=\"width: 310px\" class=\"wp-caption alignleft\"><a href=\"https:\/\/hopenmeteo.no\/wp-content\/uploads\/2013\/09\/SAM_7950.jpg\"><img loading=\"lazy\" decoding=\"async\" aria-describedby=\"caption-attachment-692\" class=\"size-medium wp-image-692\" title=\"Polarreverumpe -fr\u00f8kapsel foran kveldshimmel\" alt=\"Polarreverumpe -fr\u00f8kapsel foran kveldshimmel\" src=\"https:\/\/hopenmeteo.no\/wp-content\/uploads\/2013\/09\/SAM_7950-300x168.jpg\" width=\"300\" height=\"168\" srcset=\"https:\/\/hopenmeteo.no\/wp-content\/uploads\/2013\/09\/SAM_7950-300x168.jpg 300w, https:\/\/hopenmeteo.no\/wp-content\/uploads\/2013\/09\/SAM_7950-500x281.jpg 500w, https:\/\/hopenmeteo.no\/wp-content\/uploads\/2013\/09\/SAM_7950.jpg 800w\" sizes=\"auto, (max-width: 300px) 100vw, 300px\" \/><\/a><p id=\"caption-attachment-692\" class=\"wp-caption-text\">En h\u00f8stlig utgave som strekker seg opp mot den sene h\u00f8stkveldhimmelen. Ved Bekkeskaret denne ogs\u00e5.<\/p><\/div>\n<p>&nbsp;<\/p>\n<p>&nbsp;<\/p>\n<p>&nbsp;<\/p>\n<p>&nbsp;<\/p>\n<p>&nbsp;<\/p>\n<p>&nbsp;<\/p>\n<p>&nbsp;<\/p>\n","protected":false},"excerpt":{"rendered":"<p>&nbsp; &nbsp; &nbsp; &nbsp; &nbsp; &nbsp; &nbsp; &nbsp; &nbsp; &nbsp; &nbsp; &nbsp; &nbsp; &nbsp; &nbsp; &nbsp; &nbsp;<\/p>\n","protected":false},"author":2,"featured_media":0,"parent":0,"menu_order":0,"comment_status":"open","ping_status":"open","template":"","meta":{"footnotes":""},"class_list":["post-623","page","type-page","status-publish","hentry"],"_links":{"self":[{"href":"https:\/\/hopenmeteo.no\/index.php?rest_route=\/wp\/v2\/pages\/623","targetHints":{"allow":["GET"]}}],"collection":[{"href":"https:\/\/hopenmeteo.no\/index.php?rest_route=\/wp\/v2\/pages"}],"about":[{"href":"https:\/\/hopenmeteo.no\/index.php?rest_route=\/wp\/v2\/types\/page"}],"author":[{"embeddable":true,"href":"https:\/\/hopenmeteo.no\/index.php?rest_route=\/wp\/v2\/users\/2"}],"replies":[{"embeddable":true,"href":"https:\/\/hopenmeteo.no\/index.php?rest_route=%2Fwp%2Fv2%2Fcomments&post=623"}],"version-history":[{"count":3,"href":"https:\/\/hopenmeteo.no\/index.php?rest_route=\/wp\/v2\/pages\/623\/revisions"}],"predecessor-version":[{"id":701,"href":"https:\/\/hopenmeteo.no\/index.php?rest_route=\/wp\/v2\/pages\/623\/revisions\/701"}],"wp:attachment":[{"href":"https:\/\/hopenmeteo.no\/index.php?rest_route=%2Fwp%2Fv2%2Fmedia&parent=623"}],"curies":[{"name":"wp","href":"https:\/\/api.w.org\/{rel}","templated":true}]}}