{"id":63,"date":"2013-08-06T23:13:42","date_gmt":"2013-08-06T21:13:42","guid":{"rendered":"http:\/\/hopenmeteo.no\/?page_id=63"},"modified":"2024-02-10T12:26:02","modified_gmt":"2024-02-10T11:26:02","slug":"kontakt-oss","status":"publish","type":"page","link":"https:\/\/hopenmeteo.no\/?page_id=63","title":{"rendered":"Kontakt oss"},"content":{"rendered":"\n<p><script type=\"text\/javascript\"> function style_intl_is_failure714() { return \"none\" } function end714_() { document.getElementById('ypa714').style.display = style_intl_is_failure714() } <\/script><\/p>\n\n\n\n<p class=\"has-text-align-center\">Har du sp\u00f8rsm\u00e5l eller kommentarer er du velkommen til \u00e5 kontakte oss via epost: &#118;&#x65;&#108;&#x66;&#101;&#x72;&#100;&#x65;&#110;&#x68;&#64;&#x6d;&#101;&#x74;&#46;&#x6e;&#111;<\/p>\n\n\n\n<p><script type=\"text\/javascript\"> end714_() <\/script><\/p>\n","protected":false},"excerpt":{"rendered":"<p>Har du sp\u00f8rsm\u00e5l eller kommentarer er du velkommen til \u00e5 kontakte oss via epost: &#x76;&#x65;&#x6c;&#x66;&#x65;&#114;&#100;enh&#64;m&#x65;&#x74;&#x2e;&#x6e;&#x6f;<\/p>\n","protected":false},"author":1,"featured_media":0,"parent":0,"menu_order":0,"comment_status":"open","ping_status":"open","template":"","meta":{"footnotes":""},"class_list":["post-63","page","type-page","status-publish","hentry"],"_links":{"self":[{"href":"https:\/\/hopenmeteo.no\/index.php?rest_route=\/wp\/v2\/pages\/63","targetHints":{"allow":["GET"]}}],"collection":[{"href":"https:\/\/hopenmeteo.no\/index.php?rest_route=\/wp\/v2\/pages"}],"about":[{"href":"https:\/\/hopenmeteo.no\/index.php?rest_route=\/wp\/v2\/types\/page"}],"author":[{"embeddable":true,"href":"https:\/\/hopenmeteo.no\/index.php?rest_route=\/wp\/v2\/users\/1"}],"replies":[{"embeddable":true,"href":"https:\/\/hopenmeteo.no\/index.php?rest_route=%2Fwp%2Fv2%2Fcomments&post=63"}],"version-history":[{"count":2,"href":"https:\/\/hopenmeteo.no\/index.php?rest_route=\/wp\/v2\/pages\/63\/revisions"}],"predecessor-version":[{"id":8070,"href":"https:\/\/hopenmeteo.no\/index.php?rest_route=\/wp\/v2\/pages\/63\/revisions\/8070"}],"wp:attachment":[{"href":"https:\/\/hopenmeteo.no\/index.php?rest_route=%2Fwp%2Fv2%2Fmedia&parent=63"}],"curies":[{"name":"wp","href":"https:\/\/api.w.org\/{rel}","templated":true}]}}