{"id":668,"date":"2013-09-09T19:55:53","date_gmt":"2013-09-09T17:55:53","guid":{"rendered":"http:\/\/hopenmeteo.no\/?page_id=668"},"modified":"2025-07-20T13:31:58","modified_gmt":"2025-07-20T12:31:58","slug":"webcam","status":"publish","type":"page","link":"https:\/\/hopenmeteo.no\/?page_id=668","title":{"rendered":"Webkamera"},"content":{"rendered":"\n<p>P\u00e5 Hopen meteoroligiske stasjon finnes det et webcamera som jevnlig tar bilde s\u00f8r\u00f8stover for stasjonen.<\/p>\n\n\n\n<p><a href=\"https:\/\/obs-view.met.no\/obswebcam\/site_1_webcam_hopen.jpg\" target=\"_blank\" rel=\"noreferrer noopener\">https:\/\/obs-view.met.no\/obswebcam\/site_1_webcam_hopen.jpg<\/a><\/p>\n","protected":false},"excerpt":{"rendered":"<p>P\u00e5 Hopen meteoroligiske stasjon finnes det et webcamera som jevnlig tar bilde s\u00f8r\u00f8stover for stasjonen. https:\/\/obs-view.met.no\/obswebcam\/site_1_webcam_hopen.jpg<\/p>\n","protected":false},"author":2,"featured_media":0,"parent":0,"menu_order":0,"comment_status":"open","ping_status":"open","template":"","meta":{"footnotes":""},"class_list":["post-668","page","type-page","status-publish","hentry"],"_links":{"self":[{"href":"https:\/\/hopenmeteo.no\/index.php?rest_route=\/wp\/v2\/pages\/668","targetHints":{"allow":["GET"]}}],"collection":[{"href":"https:\/\/hopenmeteo.no\/index.php?rest_route=\/wp\/v2\/pages"}],"about":[{"href":"https:\/\/hopenmeteo.no\/index.php?rest_route=\/wp\/v2\/types\/page"}],"author":[{"embeddable":true,"href":"https:\/\/hopenmeteo.no\/index.php?rest_route=\/wp\/v2\/users\/2"}],"replies":[{"embeddable":true,"href":"https:\/\/hopenmeteo.no\/index.php?rest_route=%2Fwp%2Fv2%2Fcomments&post=668"}],"version-history":[{"count":4,"href":"https:\/\/hopenmeteo.no\/index.php?rest_route=\/wp\/v2\/pages\/668\/revisions"}],"predecessor-version":[{"id":9092,"href":"https:\/\/hopenmeteo.no\/index.php?rest_route=\/wp\/v2\/pages\/668\/revisions\/9092"}],"wp:attachment":[{"href":"https:\/\/hopenmeteo.no\/index.php?rest_route=%2Fwp%2Fv2%2Fmedia&parent=668"}],"curies":[{"name":"wp","href":"https:\/\/api.w.org\/{rel}","templated":true}]}}