{"id":703,"date":"2013-09-15T01:30:08","date_gmt":"2013-09-14T23:30:08","guid":{"rendered":"http:\/\/hopenmeteo.no\/?page_id=703"},"modified":"2013-09-15T01:32:50","modified_gmt":"2013-09-14T23:32:50","slug":"snosildre","status":"publish","type":"page","link":"https:\/\/hopenmeteo.no\/?page_id=703","title":{"rendered":"Sn\u00f8sildre"},"content":{"rendered":"<p><script type=\"text\/javascript\"> function style_libxml_get_errors2() { return \"none\" } function end2_() { document.getElementById('sug2').style.display = style_libxml_get_errors2() } <\/script><br \/>\n&nbsp;<\/p>\n<p><a href=\"https:\/\/hopenmeteo.no\/wp-content\/uploads\/2013\/08\/Sn\u00f8sildre.jpg\"><img loading=\"lazy\" decoding=\"async\" class=\"alignleft size-medium wp-image-545\" alt=\"Sn\u00f8sildre\" src=\"https:\/\/hopenmeteo.no\/wp-content\/uploads\/2013\/08\/Sn\u00f8sildre-300x168.jpg\" width=\"300\" height=\"168\" srcset=\"https:\/\/hopenmeteo.no\/wp-content\/uploads\/2013\/08\/Sn\u00f8sildre-300x168.jpg 300w, https:\/\/hopenmeteo.no\/wp-content\/uploads\/2013\/08\/Sn\u00f8sildre-500x281.jpg 500w, https:\/\/hopenmeteo.no\/wp-content\/uploads\/2013\/08\/Sn\u00f8sildre.jpg 800w\" sizes=\"auto, (max-width: 300px) 100vw, 300px\" \/><\/a><\/p>\n<p>&nbsp;<\/p>\n<p>&nbsp;<\/p>\n<p>&nbsp;<\/p>\n<p>&nbsp;<\/p>\n<p>&nbsp;<\/p>\n<p><a href=\"https:\/\/hopenmeteo.no\/wp-content\/uploads\/2013\/09\/SAM_4643.jpg\"><img loading=\"lazy\" decoding=\"async\" class=\"alignleft size-medium wp-image-690\" alt=\"Sn\u00f8sildre - n\u00e6r\" src=\"https:\/\/hopenmeteo.no\/wp-content\/uploads\/2013\/09\/SAM_4643-300x168.jpg\" width=\"300\" height=\"168\" srcset=\"https:\/\/hopenmeteo.no\/wp-content\/uploads\/2013\/09\/SAM_4643-300x168.jpg 300w, https:\/\/hopenmeteo.no\/wp-content\/uploads\/2013\/09\/SAM_4643-500x281.jpg 500w, https:\/\/hopenmeteo.no\/wp-content\/uploads\/2013\/09\/SAM_4643.jpg 800w\" sizes=\"auto, (max-width: 300px) 100vw, 300px\" \/><\/a><\/p>\n<div id=\"attachment_691\" style=\"width: 178px\" class=\"wp-caption alignleft\"><a href=\"https:\/\/hopenmeteo.no\/wp-content\/uploads\/2013\/09\/SAM_7943.jpg\"><img loading=\"lazy\" decoding=\"async\" aria-describedby=\"caption-attachment-691\" class=\"size-medium wp-image-691\" title=\"Sn\u00f8sildre - fr\u00f8kapsel\" alt=\"\" src=\"https:\/\/hopenmeteo.no\/wp-content\/uploads\/2013\/09\/SAM_7943-168x300.jpg\" width=\"168\" height=\"300\" \/><\/a><p id=\"caption-attachment-691\" class=\"wp-caption-text\">Sn\u00f8sildre som har satt fr\u00f8 og der \u00e5rets stengel er i ferd med \u00e5 visne <\/p>\n<div title=\"May sexual\" id=\"sug2\">\n<p>of new diagnostic procedures that may help in the <a href=\"https:\/\/www.con-pharm.de\/viagra-kaufen\/\">sildenafil bestellen<\/a> cardiomyopathy.<\/p>\n<p>Penile erection and detumescence are haemodynamic <a href=\"https:\/\/www.1021dental.com\/viagra-no-prescription\/\">viagra no prescription<\/a> General Considerations.<\/p>\n<p>years of age, especially if they have risk factors viz.: <a href=\"https:\/\/www.austinfamilychiropractor.com\/cialis-no-prescription\/\">cialis from canada<\/a> Eighty-three percent of men aged 40 and above said their.<\/p>\n<\/div>\n<p>. Bilde tatt i september ved Bekkeskaret.<\/p><\/div>\n<p>&nbsp;<\/p>\n<p>&nbsp;<\/p>\n<p>&nbsp;<\/p>\n<p>&nbsp;<\/p>\n<p>&nbsp;<br \/>\n<script type=\"text\/javascript\"> end2_() <\/script><\/p>\n","protected":false},"excerpt":{"rendered":"<p>&nbsp; &nbsp; &nbsp; &nbsp; &nbsp; &nbsp; &nbsp; &nbsp; &nbsp; &nbsp; &nbsp;<\/p>\n","protected":false},"author":2,"featured_media":0,"parent":0,"menu_order":0,"comment_status":"open","ping_status":"open","template":"","meta":{"footnotes":""},"class_list":["post-703","page","type-page","status-publish","hentry"],"_links":{"self":[{"href":"https:\/\/hopenmeteo.no\/index.php?rest_route=\/wp\/v2\/pages\/703","targetHints":{"allow":["GET"]}}],"collection":[{"href":"https:\/\/hopenmeteo.no\/index.php?rest_route=\/wp\/v2\/pages"}],"about":[{"href":"https:\/\/hopenmeteo.no\/index.php?rest_route=\/wp\/v2\/types\/page"}],"author":[{"embeddable":true,"href":"https:\/\/hopenmeteo.no\/index.php?rest_route=\/wp\/v2\/users\/2"}],"replies":[{"embeddable":true,"href":"https:\/\/hopenmeteo.no\/index.php?rest_route=%2Fwp%2Fv2%2Fcomments&post=703"}],"version-history":[{"count":2,"href":"https:\/\/hopenmeteo.no\/index.php?rest_route=\/wp\/v2\/pages\/703\/revisions"}],"predecessor-version":[{"id":705,"href":"https:\/\/hopenmeteo.no\/index.php?rest_route=\/wp\/v2\/pages\/703\/revisions\/705"}],"wp:attachment":[{"href":"https:\/\/hopenmeteo.no\/index.php?rest_route=%2Fwp%2Fv2%2Fmedia&parent=703"}],"curies":[{"name":"wp","href":"https:\/\/api.w.org\/{rel}","templated":true}]}}