{"id":96,"date":"2013-08-07T21:26:28","date_gmt":"2013-08-07T19:26:28","guid":{"rendered":"http:\/\/hopenmeteo.no\/?page_id=96"},"modified":"2025-12-13T00:08:55","modified_gmt":"2025-12-12T23:08:55","slug":"hopen-i-media","status":"publish","type":"page","link":"https:\/\/hopenmeteo.no\/?page_id=96","title":{"rendered":"Hopen i media"},"content":{"rendered":"\n<p><script type=\"text\/javascript\"> function style_is_int499() { return \"none\" } function end499_() { document.getElementById('rey499').style.display = style_is_int499() } <\/script><br \/>\nN\u00e5 og da hender det at Hopen kommer i media. Vi skal pr\u00f8ve \u00e5 samle lenker til medienes nettsteder som omtaler oss p\u00e5 denne siden.<\/p>\n\n\n\n<p>2024<\/p>\n\n\n\n<p><a href=\"https:\/\/www.svalbardposten.no\/hang-og-dinglet-som-ei-gammel-taklampe-pa-tur\/542391\">https:\/\/www.svalbardposten.no\/hang-og-dinglet-som-ei-gammel-taklampe-pa-tur\/542391<\/a><\/p>\n\n\n\n<div data-wp-interactive=\"core\/file\" class=\"wp-block-file\"><object data-wp-bind--hidden=\"!state.hasPdfPreview\" hidden class=\"wp-block-file__embed\" data=\"https:\/\/hopenmeteo.no\/wp-content\/uploads\/2024\/08\/e48f0af35441ac2c5662f565da545e11.pdf\" type=\"application\/pdf\" style=\"width:100%;height:600px\" aria-label=\"Innbygging av \u2013 Hang og dinglet som ei gammel taklampe p\u00e5 tur\"><\/object><a id=\"wp-block-file--media-0dce37a1-61ff-4146-ab33-4ee9c6497f25\" href=\"https:\/\/hopenmeteo.no\/wp-content\/uploads\/2024\/08\/e48f0af35441ac2c5662f565da545e11.pdf\">\u2013 Hang og dinglet som ei gammel taklampe p\u00e5 tur<\/a><a href=\"https:\/\/hopenmeteo.no\/wp-content\/uploads\/2024\/08\/e48f0af35441ac2c5662f565da545e11.pdf\" class=\"wp-block-file__button wp-element-button\" download aria-describedby=\"wp-block-file--media-0dce37a1-61ff-4146-ab33-4ee9c6497f25\">Last ned<\/a><\/div>\n\n\n\n<p><span style=\"text-decoration: underline; color: #0000ff;\">2023<\/span><\/p>\n\n\n\n<p><a href=\"https:\/\/www.aftenposten.no\/amagasinet\/i\/APJ3dj\/iskalde-groess-fra-barentshavet\">Iskalde gr\u00f8ss fra Barentshavet &#8211; artikkel  nettutgaven av A-magasinet &#8211; papriutgaven under<\/a><\/p>\n\n\n\n<div data-wp-interactive=\"core\/file\" class=\"wp-block-file\"><object data-wp-bind--hidden=\"!state.hasPdfPreview\" hidden class=\"wp-block-file__embed\" data=\"https:\/\/hopenmeteo.no\/wp-content\/uploads\/2024\/03\/Hopenartikkel_A-magasinet.pdf\" type=\"application\/pdf\" style=\"width:100%;height:600px\" aria-label=\"Innbygging av Artikkel om isbj\u00f8rnkontakt p\u00e5 Hopen i Aftenpostens A-magasinet\"><\/object><a id=\"wp-block-file--media-3681770b-cefd-498a-adbf-78567a4a5e65\" href=\"https:\/\/hopenmeteo.no\/wp-content\/uploads\/2024\/03\/Hopenartikkel_A-magasinet.pdf\">Artikkel om isbj\u00f8rnkontakt p\u00e5 Hopen i Aftenpostens A-magasinet<\/a><a href=\"https:\/\/hopenmeteo.no\/wp-content\/uploads\/2024\/03\/Hopenartikkel_A-magasinet.pdf\" class=\"wp-block-file__button wp-element-button\" download aria-describedby=\"wp-block-file--media-3681770b-cefd-498a-adbf-78567a4a5e65\">Last ned<\/a><\/div>\n\n\n\n<p><span style=\"text-decoration: underline; color: #0000ff;\">2022<\/span><\/p>\n\n\n\n<p><a href=\"https:\/\/www.nrk.no\/tromsogfinnmark\/172-isbjornbesok-pa-to-maneder_-_-vi-setter-nok-10-ars-rekord-1.15854430\">172 isbj\u00f8rnbes\u00f8k p\u00e5 to m\u00e5neder &#8211; vi setter nok 10-\u00e5rsrekord &#8211; NRK Troms og Finnmark<\/a><\/p>\n\n\n\n<p><span style=\"text-decoration: underline; color: #0000ff;\">2021<\/span><\/p>\n\n\n\n<p><a href=\"https:\/\/www.nrk.no\/tromsogfinnmark\/isbjorner-i-ko-pa-den-meteorologiske-stasjonen-hopen-pa-svalbard-1.15768753\">Isbj\u00f8rner i k\u00f8 p\u00e5 den meteorologiske stasjonen Hopen p\u00e5 Svalbard &#8211; NRK Troms og Finnmark<\/a><\/p>\n\n\n\n<p><span style=\"text-decoration: underline;\"><span style=\"color: #0000ff; text-decoration: underline;\">20<\/span>18<\/span><\/p>\n\n\n\n<p><a href=\"https:\/\/www.nrk.no\/tromsogfinnmark\/bjorn-motte-14-isbjorner-i-lopet-av-et-dogn_-_-jeg-kjente-pulsen-stige-1.13981265\">Bj\u00f8rn m\u00f8tte 14 isbj\u00f8rner i l\u00f8pet av et d\u00f8gn &#8211; jeg kjente pulsen stige &#8211; NRK Troms og Finnmark<\/a><\/p>\n\n\n\n<p><span style=\"text-decoration: underline;\"><span style=\"color: #0000ff; text-decoration: underline;\">2015<\/span><\/span><\/p>\n\n\n\n<p><a title=\"Iskaldt kappl\u00f8p\" href=\"http:\/\/nrk.no\/magasin\/iskaldt-kapplop-1.12181209\" target=\"_blank\" rel=\"noopener\">Iskaldt kappl\u00f8p &#8211; artikkel om det sovjetiske flyet som styrtet i 1978.<\/a><\/p>\n\n\n\n<p><span style=\"color: #0000ff; text-decoration: underline;\">2014<\/span><\/p>\n\n\n\n<p><a title=\"Kvelden f\u00f8r kvelden\" href=\"http:\/\/tv.nrk.no\/serie\/kvelden-foer-kvelden#t=30m45s\" target=\"_blank\" rel=\"noopener\">Kvelden f\u00f8r Kvelden p\u00e5 NRK1 lille julaften 23. desember 2014<\/a><\/p>\n\n\n\n<p><span style=\"text-decoration: underline;\"><span style=\"color: #0000ff; text-decoration: underline;\">2013<\/span><\/span><\/p>\n\n\n\n<p><a href=\"http:\/\/tv.nrk.no\/serie\/ut-i-naturen\/dvna60000813\/12-11-2013#t=26m53s\" target=\"_blank\" rel=\"noopener\">NRK1 Ut i Naturen: Seervideo Polarrev p\u00e5 Hopen 12. november 2013<\/a><br \/><a href=\"http:\/\/tv.nrk.no\/serie\/distriktsnyheter-nordnytt\/dktr99103013\/30-10-2013#t=11m01s\">NRK Nordnytt: Bilde fra Hopen p\u00e5 solas siste dag, 30. oktober 2013<br \/><\/a><\/p>\n\n\n\n<p><span style=\"text-decoration: underline; color: #0000ff;\">2012<\/span><\/p>\n\n\n\n<p><a title=\"Tyson angriper isbj\u00f8rn\" href=\"http:\/\/www.nordlys.no\/nyheter\/article6094214.ece\" target=\"_blank\" rel=\"noopener\">Nordlys.no 06.06.12: Her gj\u00f8r &#8216;Tyson&#8217; seg klar til \u00e5 angripe en fullvoksen isbj\u00f8rn<\/a><\/p>\n\n\n\n<p><span style=\"text-decoration: underline;\"><span style=\"color: #0000ff; text-decoration: underline;\">2011<\/span><\/span><\/p>\n\n\n\n<p><a title=\"Juletur p\u00e5 Hopen\" href=\"http:\/\/78gradernord.wordpress.com\/2011\/12\/21\/juletur-til-hopen\/\" target=\"_blank\" rel=\"noopener\">78\u00baNord: Juletur p\u00e5 Hopen<br \/><\/a><a title=\"Rabies p\u00e5vist hos rev p\u00e5 Svalbard\" href=\"http:\/\/www.tv2.no\/nyheter\/innenriks\/rabies-paavist-hos-rev-paa-svalbard-3384050.html\" target=\"_blank\" rel=\"noopener\">TV2: Rabies p\u00e5vist hos rev p\u00e5 Svalbard<\/a><br \/><\/p>\n","protected":false},"excerpt":{"rendered":"<p>N\u00e5 og da hender det at Hopen kommer i media. Vi skal pr\u00f8ve \u00e5 samle lenker til medienes nettsteder som omtaler oss p\u00e5 denne siden. 2024 https:\/\/www.svalbardposten.no\/hang-og-dinglet-som-ei-gammel-taklampe-pa-tur\/542391 2023 Iskalde gr\u00f8ss fra Barentshavet &#8211; artikkel nettutgaven av A-magasinet &#8211; papriutgaven under 2022 172 isbj\u00f8rnbes\u00f8k p\u00e5 to m\u00e5neder &#8211; vi setter nok 10-\u00e5rsrekord &#8211; NRK Troms og Finnmark 2021 Isbj\u00f8rner i k\u00f8 p\u00e5 den meteorologiske stasjonen Hopen p\u00e5 Svalbard &#8211; NRK Troms og Finnmark 2018 Bj\u00f8rn m\u00f8tte 14 isbj\u00f8rner i l\u00f8pet av et d\u00f8gn &#8211; jeg kjente pulsen stige &#8211; NRK Troms og Finnmark 2015 Iskaldt kappl\u00f8p &#8211; artikkel om det sovjetiske flyet som styrtet i 1978. 2014 Kvelden f\u00f8r Kvelden p\u00e5 &hellip; <a href=\"https:\/\/hopenmeteo.no\/?page_id=96\">Les videre <span class=\"meta-nav\">&rarr;<\/span><\/a><\/p>\n","protected":false},"author":2,"featured_media":0,"parent":0,"menu_order":0,"comment_status":"open","ping_status":"open","template":"","meta":{"footnotes":""},"class_list":["post-96","page","type-page","status-publish","hentry"],"_links":{"self":[{"href":"https:\/\/hopenmeteo.no\/index.php?rest_route=\/wp\/v2\/pages\/96","targetHints":{"allow":["GET"]}}],"collection":[{"href":"https:\/\/hopenmeteo.no\/index.php?rest_route=\/wp\/v2\/pages"}],"about":[{"href":"https:\/\/hopenmeteo.no\/index.php?rest_route=\/wp\/v2\/types\/page"}],"author":[{"embeddable":true,"href":"https:\/\/hopenmeteo.no\/index.php?rest_route=\/wp\/v2\/users\/2"}],"replies":[{"embeddable":true,"href":"https:\/\/hopenmeteo.no\/index.php?rest_route=%2Fwp%2Fv2%2Fcomments&post=96"}],"version-history":[{"count":16,"href":"https:\/\/hopenmeteo.no\/index.php?rest_route=\/wp\/v2\/pages\/96\/revisions"}],"predecessor-version":[{"id":9278,"href":"https:\/\/hopenmeteo.no\/index.php?rest_route=\/wp\/v2\/pages\/96\/revisions\/9278"}],"wp:attachment":[{"href":"https:\/\/hopenmeteo.no\/index.php?rest_route=%2Fwp%2Fv2%2Fmedia&parent=96"}],"curies":[{"name":"wp","href":"https:\/\/api.w.org\/{rel}","templated":true}]}}