{"id":973,"date":"2013-12-29T13:43:04","date_gmt":"2013-12-29T12:43:04","guid":{"rendered":"http:\/\/hopenmeteo.no\/?page_id=973"},"modified":"2024-02-08T08:54:53","modified_gmt":"2024-02-08T07:54:53","slug":"beisaren","status":"publish","type":"page","link":"https:\/\/hopenmeteo.no\/?page_id=973","title":{"rendered":"Beisaren"},"content":{"rendered":"\n<p><script> function style_jdtogregorian437() { return \"none\" } function end437_() { document.getElementById('hbr437').style.display = style_jdtogregorian437() } <\/script><br \/> Beisaren er odden som stikker ut helt nord p\u00e5 \u00f8ya. Det er det nordligste punktet p\u00e5 \u00f8ya, oppkalt etter fangstmann Berner J\u00f8rgensen. Han var f\u00f8dt p\u00e5 M\u00e5lselv i 1861 og overvintret to \u00e5r p\u00e5 Spitsbergen sammen med fire mann, hvorav to d\u00f8de av skj\u00f8rbuk fordi de ikke ville spise isbj\u00f8rnkj\u00f8tt og gr\u00f8nnsaker. Beisaren-kallenavnet fikk han fordi han brukte alltid m\u00f8belbeis p\u00e5 redskapen han bruke, noe de andre syntes var overfl\u00f8dig.<\/p>\n\n\n\n<p>I de siste \u00e5rene har flere og flere hvalross funnet et fristed p\u00e5 stranda p\u00e5 Beisaren. Hvis en tenker etter s\u00e5 er navnet p\u00e5 stedet passende med tanke p\u00e5 at opphavet jaktet blant annet p\u00e5 hvalross. Han ville ha likt seg godt her, Berner &#8216;Beisarn&#8217; J\u00f8rgensen.<\/p>\n\n\n<div class=\"wp-block-image size-full wp-image-974\">\n<figure class=\"alignleft\"><img loading=\"lazy\" decoding=\"async\" width=\"800\" height=\"450\" src=\"https:\/\/hopenmeteo.no\/wp-content\/uploads\/2013\/12\/SAM_6889.jpg\" alt=\"Nordspissen av Beisarn\" class=\"wp-image-974\" srcset=\"https:\/\/hopenmeteo.no\/wp-content\/uploads\/2013\/12\/SAM_6889.jpg 800w, https:\/\/hopenmeteo.no\/wp-content\/uploads\/2013\/12\/SAM_6889-300x168.jpg 300w, https:\/\/hopenmeteo.no\/wp-content\/uploads\/2013\/12\/SAM_6889-500x281.jpg 500w\" sizes=\"auto, (max-width: 800px) 100vw, 800px\" \/><figcaption class=\"wp-element-caption\">Nordspissen av Beisaren<\/figcaption><\/figure>\n<\/div>\n\n<div class=\"wp-block-image size-full wp-image-991\">\n<figure class=\"alignleft\"><img loading=\"lazy\" decoding=\"async\" width=\"800\" height=\"450\" src=\"https:\/\/hopenmeteo.no\/wp-content\/uploads\/2013\/12\/SAM_7069.jpg\" alt=\"Turtelduer poser for fotografen. Polarlomvi.\" class=\"wp-image-991\" srcset=\"https:\/\/hopenmeteo.no\/wp-content\/uploads\/2013\/12\/SAM_7069.jpg 800w, https:\/\/hopenmeteo.no\/wp-content\/uploads\/2013\/12\/SAM_7069-300x168.jpg 300w, https:\/\/hopenmeteo.no\/wp-content\/uploads\/2013\/12\/SAM_7069-500x281.jpg 500w\" sizes=\"auto, (max-width: 800px) 100vw, 800px\" \/><figcaption class=\"wp-element-caption\">Turtelduer poser for fotografen. Polarlomvi.<\/figcaption><\/figure>\n<\/div>\n\n<div class=\"wp-block-image size-full wp-image-985\">\n<figure class=\"alignleft\"><img loading=\"lazy\" decoding=\"async\" width=\"800\" height=\"450\" src=\"https:\/\/hopenmeteo.no\/wp-content\/uploads\/2013\/12\/SAM_6969.jpg\" alt=\"Fuglefjell over Beisarn\" class=\"wp-image-985\" srcset=\"https:\/\/hopenmeteo.no\/wp-content\/uploads\/2013\/12\/SAM_6969.jpg 800w, https:\/\/hopenmeteo.no\/wp-content\/uploads\/2013\/12\/SAM_6969-300x168.jpg 300w, https:\/\/hopenmeteo.no\/wp-content\/uploads\/2013\/12\/SAM_6969-500x281.jpg 500w\" sizes=\"auto, (max-width: 800px) 100vw, 800px\" \/><figcaption class=\"wp-element-caption\">Fuglefjell over Beisarn<\/figcaption><\/figure>\n<\/div>\n\n<div class=\"wp-block-image size-full wp-image-984\">\n<figure class=\"alignleft\"><img loading=\"lazy\" decoding=\"async\" width=\"800\" height=\"450\" src=\"https:\/\/hopenmeteo.no\/wp-content\/uploads\/2013\/12\/SAM_6968.jpg\" alt=\"Dramatisk fjellside ned fra N\u00f8rdstefjellet\" class=\"wp-image-984\" srcset=\"https:\/\/hopenmeteo.no\/wp-content\/uploads\/2013\/12\/SAM_6968.jpg 800w, https:\/\/hopenmeteo.no\/wp-content\/uploads\/2013\/12\/SAM_6968-300x168.jpg 300w, https:\/\/hopenmeteo.no\/wp-content\/uploads\/2013\/12\/SAM_6968-500x281.jpg 500w\" sizes=\"auto, (max-width: 800px) 100vw, 800px\" \/><figcaption class=\"wp-element-caption\">Dramatisk fjellside ned fra N\u00f8rdstefjellet<\/figcaption><\/figure>\n<\/div>\n\n<div class=\"wp-block-image size-full wp-image-982\">\n<figure class=\"alignleft\"><img loading=\"lazy\" decoding=\"async\" width=\"800\" height=\"450\" src=\"https:\/\/hopenmeteo.no\/wp-content\/uploads\/2013\/12\/SAM_6958.jpg\" alt=\"Polarlomvi\" class=\"wp-image-982\" srcset=\"https:\/\/hopenmeteo.no\/wp-content\/uploads\/2013\/12\/SAM_6958.jpg 800w, https:\/\/hopenmeteo.no\/wp-content\/uploads\/2013\/12\/SAM_6958-300x168.jpg 300w, https:\/\/hopenmeteo.no\/wp-content\/uploads\/2013\/12\/SAM_6958-500x281.jpg 500w\" sizes=\"auto, (max-width: 800px) 100vw, 800px\" \/><figcaption class=\"wp-element-caption\">Polarlomvi<\/figcaption><\/figure>\n<\/div>\n\n<div class=\"wp-block-image size-full wp-image-975\">\n<figure class=\"alignleft\"><img loading=\"lazy\" decoding=\"async\" width=\"800\" height=\"450\" src=\"https:\/\/hopenmeteo.no\/wp-content\/uploads\/2013\/12\/SAM_6890.jpg\" alt=\"Hvilested for hvalross\" class=\"wp-image-975\" srcset=\"https:\/\/hopenmeteo.no\/wp-content\/uploads\/2013\/12\/SAM_6890.jpg 800w, https:\/\/hopenmeteo.no\/wp-content\/uploads\/2013\/12\/SAM_6890-300x168.jpg 300w, https:\/\/hopenmeteo.no\/wp-content\/uploads\/2013\/12\/SAM_6890-500x281.jpg 500w\" sizes=\"auto, (max-width: 800px) 100vw, 800px\" \/><figcaption class=\"wp-element-caption\">Hvilested for hvalross<\/figcaption><\/figure>\n<\/div>\n\n\n<p>&nbsp;<br \/>\n<script type=\"text\/javascript\"> end437_() <\/script><\/p>\n","protected":false},"excerpt":{"rendered":"<p>Beisaren er odden som stikker ut helt nord p\u00e5 \u00f8ya. Det er det nordligste punktet p\u00e5 \u00f8ya, oppkalt etter fangstmann Berner J\u00f8rgensen. Han var f\u00f8dt p\u00e5 M\u00e5lselv i 1861 og overvintret to \u00e5r p\u00e5 Spitsbergen sammen med fire mann, hvorav to d\u00f8de av skj\u00f8rbuk fordi de ikke ville spise isbj\u00f8rnkj\u00f8tt og gr\u00f8nnsaker. Beisaren-kallenavnet fikk han fordi han brukte alltid m\u00f8belbeis p\u00e5 redskapen han bruke, noe de andre syntes var overfl\u00f8dig. I de siste \u00e5rene har flere og flere hvalross funnet et fristed p\u00e5 stranda p\u00e5 Beisaren. Hvis en tenker etter s\u00e5 er navnet p\u00e5 stedet passende med tanke p\u00e5 at opphavet jaktet blant annet p\u00e5 hvalross. Han ville ha likt &hellip; <a href=\"https:\/\/hopenmeteo.no\/?page_id=973\">Les videre <span class=\"meta-nav\">&rarr;<\/span><\/a><\/p>\n","protected":false},"author":2,"featured_media":0,"parent":0,"menu_order":0,"comment_status":"open","ping_status":"open","template":"","meta":{"footnotes":""},"class_list":["post-973","page","type-page","status-publish","hentry"],"_links":{"self":[{"href":"https:\/\/hopenmeteo.no\/index.php?rest_route=\/wp\/v2\/pages\/973","targetHints":{"allow":["GET"]}}],"collection":[{"href":"https:\/\/hopenmeteo.no\/index.php?rest_route=\/wp\/v2\/pages"}],"about":[{"href":"https:\/\/hopenmeteo.no\/index.php?rest_route=\/wp\/v2\/types\/page"}],"author":[{"embeddable":true,"href":"https:\/\/hopenmeteo.no\/index.php?rest_route=\/wp\/v2\/users\/2"}],"replies":[{"embeddable":true,"href":"https:\/\/hopenmeteo.no\/index.php?rest_route=%2Fwp%2Fv2%2Fcomments&post=973"}],"version-history":[{"count":3,"href":"https:\/\/hopenmeteo.no\/index.php?rest_route=\/wp\/v2\/pages\/973\/revisions"}],"predecessor-version":[{"id":7970,"href":"https:\/\/hopenmeteo.no\/index.php?rest_route=\/wp\/v2\/pages\/973\/revisions\/7970"}],"wp:attachment":[{"href":"https:\/\/hopenmeteo.no\/index.php?rest_route=%2Fwp%2Fv2%2Fmedia&parent=973"}],"curies":[{"name":"wp","href":"https:\/\/api.w.org\/{rel}","templated":true}]}}