{"id":995,"date":"2013-12-29T14:28:16","date_gmt":"2013-12-29T13:28:16","guid":{"rendered":"http:\/\/hopenmeteo.no\/?page_id=995"},"modified":"2024-02-08T08:55:28","modified_gmt":"2024-02-08T07:55:28","slug":"nordstefjellet","status":"publish","type":"page","link":"https:\/\/hopenmeteo.no\/?page_id=995","title":{"rendered":"N\u00f8rdstefjellet"},"content":{"rendered":"\n<p>N\u00f8rdstefjellet er den nordligste fjelltoppen p\u00e5 Hopen, 228 meter h\u00f8y. Eneste adkomst til fjellet blir \u00e5 g\u00e5 fra Beisarhytta via Lyngefjellet, evt. g\u00e5 opp Binnedalen.<\/p>\n\n\n<div class=\"wp-block-image size-full wp-image-996\">\n<figure class=\"alignleft\"><img loading=\"lazy\" decoding=\"async\" width=\"800\" height=\"450\" src=\"https:\/\/hopenmeteo.no\/wp-content\/uploads\/2013\/12\/SAM_6871.jpg\" alt=\"Toppen av N\u00f8rdstefjellet er innhyllet i t\u00e5ke \n. Sett fra sj\u00f8siden s\u00f8r\u00f8st for toppen.\" class=\"wp-image-996\" srcset=\"https:\/\/hopenmeteo.no\/wp-content\/uploads\/2013\/12\/SAM_6871.jpg 800w, https:\/\/hopenmeteo.no\/wp-content\/uploads\/2013\/12\/SAM_6871-300x168.jpg 300w, https:\/\/hopenmeteo.no\/wp-content\/uploads\/2013\/12\/SAM_6871-500x281.jpg 500w\" sizes=\"auto, (max-width: 800px) 100vw, 800px\" \/><figcaption class=\"wp-element-caption\">Toppen av N\u00f8rdstefjellet er innhyllet i t\u00e5ke. Sett fra sj\u00f8siden s\u00f8r\u00f8st for toppen.<\/figcaption><\/figure>\n<\/div>\n\n<div class=\"wp-block-image size-full wp-image-997\">\n<figure class=\"alignleft\"><img loading=\"lazy\" decoding=\"async\" width=\"800\" height=\"450\" src=\"https:\/\/hopenmeteo.no\/wp-content\/uploads\/2013\/12\/SAM_6881.jpg\" alt=\"N\u00f8rdstefjellet har en meget stor bestand av hekkende fugl og i hekkesesongen er det en utrolig kakofoni av skrik fra fuglene.\" class=\"wp-image-997\" srcset=\"https:\/\/hopenmeteo.no\/wp-content\/uploads\/2013\/12\/SAM_6881.jpg 800w, https:\/\/hopenmeteo.no\/wp-content\/uploads\/2013\/12\/SAM_6881-300x168.jpg 300w, https:\/\/hopenmeteo.no\/wp-content\/uploads\/2013\/12\/SAM_6881-500x281.jpg 500w\" sizes=\"auto, (max-width: 800px) 100vw, 800px\" \/><figcaption class=\"wp-element-caption\">N\u00f8rdstefjellet har en meget stor bestand av hekkende fugl og i hekkesesongen er det en utrolig kakofoni av skrik fra fuglene.<\/figcaption><\/figure>\n<\/div>\n\n<div class=\"wp-block-image size-full wp-image-998\">\n<figure class=\"alignleft\"><img loading=\"lazy\" decoding=\"async\" width=\"800\" height=\"450\" src=\"https:\/\/hopenmeteo.no\/wp-content\/uploads\/2013\/12\/SAM_6884.jpg\" alt=\"Her ser en tydelig lagdelingen i fjellene p\u00e5 Hopen. N\u00f8rdstefjellet er ikke noe unntak.\" class=\"wp-image-998\" srcset=\"https:\/\/hopenmeteo.no\/wp-content\/uploads\/2013\/12\/SAM_6884.jpg 800w, https:\/\/hopenmeteo.no\/wp-content\/uploads\/2013\/12\/SAM_6884-300x168.jpg 300w, https:\/\/hopenmeteo.no\/wp-content\/uploads\/2013\/12\/SAM_6884-500x281.jpg 500w\" sizes=\"auto, (max-width: 800px) 100vw, 800px\" \/><figcaption class=\"wp-element-caption\">Her ser en tydelig lagdelingen i fjellene p\u00e5 Hopen. N\u00f8rdstefjellet er ikke noe unntak.<\/figcaption><\/figure>\n<\/div>","protected":false},"excerpt":{"rendered":"<p>N\u00f8rdstefjellet er den nordligste fjelltoppen p\u00e5 Hopen, 228 meter h\u00f8y. Eneste adkomst til fjellet blir \u00e5 g\u00e5 fra Beisarhytta via Lyngefjellet, evt. g\u00e5 opp Binnedalen.<\/p>\n","protected":false},"author":2,"featured_media":0,"parent":0,"menu_order":0,"comment_status":"open","ping_status":"open","template":"","meta":{"footnotes":""},"class_list":["post-995","page","type-page","status-publish","hentry"],"_links":{"self":[{"href":"https:\/\/hopenmeteo.no\/index.php?rest_route=\/wp\/v2\/pages\/995","targetHints":{"allow":["GET"]}}],"collection":[{"href":"https:\/\/hopenmeteo.no\/index.php?rest_route=\/wp\/v2\/pages"}],"about":[{"href":"https:\/\/hopenmeteo.no\/index.php?rest_route=\/wp\/v2\/types\/page"}],"author":[{"embeddable":true,"href":"https:\/\/hopenmeteo.no\/index.php?rest_route=\/wp\/v2\/users\/2"}],"replies":[{"embeddable":true,"href":"https:\/\/hopenmeteo.no\/index.php?rest_route=%2Fwp%2Fv2%2Fcomments&post=995"}],"version-history":[{"count":3,"href":"https:\/\/hopenmeteo.no\/index.php?rest_route=\/wp\/v2\/pages\/995\/revisions"}],"predecessor-version":[{"id":7971,"href":"https:\/\/hopenmeteo.no\/index.php?rest_route=\/wp\/v2\/pages\/995\/revisions\/7971"}],"wp:attachment":[{"href":"https:\/\/hopenmeteo.no\/index.php?rest_route=%2Fwp%2Fv2%2Fmedia&parent=995"}],"curies":[{"name":"wp","href":"https:\/\/api.w.org\/{rel}","templated":true}]}}